{"id":409,"date":"2020-01-05T09:15:07","date_gmt":"2020-01-05T08:15:07","guid":{"rendered":"https:\/\/vrtiskazak.com\/?page_id=409"},"modified":"2020-01-08T10:10:55","modified_gmt":"2020-01-08T09:10:55","slug":"studio-awards","status":"publish","type":"page","link":"https:\/\/vrtiskazak.com\/cs\/studio-awards\/","title":{"rendered":"Studio-Ocen\u011bn\u00ed"},"content":{"rendered":"\n<h1 class=\"wp-block-heading\">AWARDS<\/h1>\n\n\n\n<div class=\"awards_list plain\">\n\t<div class=\"awards_list--row\">\n\t\t<div class=\"awards_list--col awards_list--year\">2005<\/div> <div class=\"awards_list--col awards_list--award\">City Point competition, 2.m\u00edsto\u2028<\/div>\n\t<\/div>\n\t<div class=\"awards_list--row\">\n\t\t<div class=\"awards_list--col awards_list--year\">2006<\/div> <div class=\"awards_list--col awards_list--award\">Ruukki foreclift future concept (FIN), 1.m\u00edsto\u2028<\/div>\n\t<\/div>\n\t<div class=\"awards_list--row\">\n\t\t<div class=\"awards_list--col awards_list--year\">2007<\/div> <div class=\"awards_list--col awards_list--award\">Books Books Books Habitare (FIN)<\/div>\n\t<\/div>\n\t<div class=\"awards_list--row\">\n\t\t<div class=\"awards_list--col awards_list--year\">2008<\/div> <div class=\"awards_list--col awards_list--award\">Vynikaj\u00edc\u00ed design\u2028<\/div>\n\t<\/div>\n\t<div class=\"awards_list--row\">\n\t\t<div class=\"awards_list--col awards_list--year\">2008<\/div> <div class=\"awards_list--col awards_list--award\">Cena unie profesion\u00e1ln\u00edch design\u00e9r\u016f\u2028<\/div>\n\t<\/div>\n\t<div class=\"awards_list--row\">\n\t\t<div class=\"awards_list--col awards_list--year\">2008<\/div> <div class=\"awards_list--col awards_list--award\">N\u00e1rodn\u00ed cena za studentsk\u00fd design\u2028<\/div>\n\t<\/div>\n\t<!-- <div class=\"awards_list--row\">\n\t\t<div class=\"awards_list--col awards_list--year\">2008<\/div> <div class=\"awards_list--col awards_list--award\">Croy Concept Award<\/div>\n\t<\/div> -->\n\t<div class=\"awards_list--row\">\n\t\t<div class=\"awards_list--col awards_list--year\">2008<\/div> <div class=\"awards_list--col awards_list--award\">Cena Student Agency\u2028<\/div>\n\t<\/div>\n\t<div class=\"awards_list--row\">\n\t\t<div class=\"awards_list--col awards_list--year\">2008<\/div> <div class=\"awards_list--col awards_list--award\">Cena \u010cesk\u00fdch center\u2028<\/div>\n\t<\/div>\n\t<div class=\"awards_list--row\">\n\t\t<div class=\"awards_list--col awards_list--year\">2009<\/div> <div class=\"awards_list--col awards_list--award\">Czech Grand Design, 1.m\u00edsto<\/div>\n\t<\/div>\n\t<div class=\"awards_list--row\">\n\t\t<div class=\"awards_list--col awards_list--year\">2009<\/div> <div class=\"awards_list--col awards_list--award\">Czech Grand Design, 2.m\u00edsto<\/div>\n\t<\/div>\n\t<div class=\"awards_list--row\">\n\t\t<div class=\"awards_list--col awards_list--year\">2011<\/div> <div class=\"awards_list--col awards_list--award\">Dobry Wzor (PL)<\/div>\n\t<\/div>\n\t<div class=\"awards_list--row\">\n\t\t<div class=\"awards_list--col awards_list--year\">2013<\/div> <div class=\"awards_list--col awards_list--award\">EDIDA, kategorie postel\u2028<\/div>\n\t<\/div>\n\t<div class=\"awards_list--row\">\n\t\t<div class=\"awards_list--col awards_list--year\">2014<\/div> <div class=\"awards_list--col awards_list--award\">Grand Prix For Furniture<\/div>\n\t<\/div>\n\t<div class=\"awards_list--row\">\n\t\t<div class=\"awards_list--col awards_list--year\">2014<\/div> <div class=\"awards_list--col awards_list--award\">Cena Designbloku, kategorie nejlep\u0161\u00ed v\u00fdrobek\u2028<\/div>\n\t<\/div>\n\t<div class=\"awards_list--row\">\n\t\t<div class=\"awards_list--col awards_list--year\">2016<\/div> <div class=\"awards_list--col awards_list--award\">Cena Designbloku, kategorie nejlep\u0161\u00ed n\u00e1bytek<\/div>\n\t<\/div>\n\t<div class=\"awards_list--row\">\n\t\t<div class=\"awards_list--col awards_list--year\">2016<\/div> <div class=\"awards_list--col awards_list--award\">Cena Designbloku, kategorie nejlep\u0161\u00ed instalace design\u00e9ra\u2028<\/div>\n\t<\/div>\n\t<div class=\"awards_list--row\">\n\t\t<div class=\"awards_list--col awards_list--year\">2018<\/div> <div class=\"awards_list--col awards_list--award\">Stavba roku\u2028<\/div>\n\t<\/div>\n\t<div class=\"awards_list--row\">\n\t\t<div class=\"awards_list--col awards_list--year\">2018<\/div> <div class=\"awards_list--col awards_list--award\">Big SEE, kategorie instalace\u2028<\/div>\n\t<\/div>\n\t<div class=\"awards_list--row\">\n\t\t<div class=\"awards_list--col awards_list--year\">2018<\/div> <div class=\"awards_list--col awards_list--award\">Cena Designbloku,&nbsp;kategorie nejlep\u0161\u00ed novinka v\u00fdrobce\u2028<\/div>\n\t<\/div>\n\t<div class=\"awards_list--row\">\n\t\t<div class=\"awards_list--col awards_list--year\">2019<\/div> <div class=\"awards_list--col awards_list--award\">EDIDA (CZ), absolutn\u00ed v\u00edt\u011bz<\/div>\n\t<\/div>\n<\/div>\n","protected":false},"excerpt":{"rendered":"<p>AWARDS 2005 City Point competition, 2.m\u00edsto\u2028 2006 Ruukki foreclift future concept (FIN), 1.m\u00edsto\u2028 2007 Books Books Books Habitare (FIN) 2008 Vynikaj\u00edc\u00ed design\u2028 2008 Cena unie profesion\u00e1ln\u00edch design\u00e9r\u016f\u2028 2008 N\u00e1rodn\u00ed cena za studentsk\u00fd design\u2028 2008 Cena Student Agency\u2028 2008 Cena \u010cesk\u00fdch center\u2028 2009 Czech Grand Design, 1.m\u00edsto 2009 Czech Grand Design, 2.m\u00edsto 2011 Dobry Wzor (PL) [&hellip;]<\/p>\n","protected":false},"author":1,"featured_media":0,"parent":0,"menu_order":0,"comment_status":"closed","ping_status":"closed","template":"","meta":{"_acf_changed":false,"footnotes":""},"acf":[],"_links":{"self":[{"href":"https:\/\/vrtiskazak.com\/cs\/wp-json\/wp\/v2\/pages\/409"}],"collection":[{"href":"https:\/\/vrtiskazak.com\/cs\/wp-json\/wp\/v2\/pages"}],"about":[{"href":"https:\/\/vrtiskazak.com\/cs\/wp-json\/wp\/v2\/types\/page"}],"author":[{"embeddable":true,"href":"https:\/\/vrtiskazak.com\/cs\/wp-json\/wp\/v2\/users\/1"}],"replies":[{"embeddable":true,"href":"https:\/\/vrtiskazak.com\/cs\/wp-json\/wp\/v2\/comments?post=409"}],"version-history":[{"count":4,"href":"https:\/\/vrtiskazak.com\/cs\/wp-json\/wp\/v2\/pages\/409\/revisions"}],"predecessor-version":[{"id":601,"href":"https:\/\/vrtiskazak.com\/cs\/wp-json\/wp\/v2\/pages\/409\/revisions\/601"}],"wp:attachment":[{"href":"https:\/\/vrtiskazak.com\/cs\/wp-json\/wp\/v2\/media?parent=409"}],"curies":[{"name":"wp","href":"https:\/\/api.w.org\/{rel}","templated":true}]}}