{"id":407,"date":"2020-01-07T09:13:19","date_gmt":"2020-01-07T08:13:19","guid":{"rendered":"https:\/\/vrtiskazak.com\/?page_id=407"},"modified":"2023-04-25T12:00:06","modified_gmt":"2023-04-25T10:00:06","slug":"studio-coop","status":"publish","type":"page","link":"https:\/\/vrtiskazak.com\/cs\/studio-coop\/","title":{"rendered":"Studio-spolupracovn\u00edci"},"content":{"rendered":"\n<h3 class=\"wp-block-heading\">COOPERATING<\/h3>\n\n\n\n<p class=\"plain accord--container\">MgA. Pavl\u00edna Fialkov\u00e1 <br>Ing. arch. Lucie N\u011bmcov\u00e1<br>MgA. Jitka \u0160emberov\u00e1 <br><\/p>\n\n\n\n<h3 class=\"wp-block-heading\">COOPERATED<\/h3>\n\n\n\n<p class=\"plain accord--container\">Ing. arch. Tom\u00e1\u0161 Holub<br>Bc. Jakub Kolek<br>Bc. Jan L\u00e9bl<br>Bc. Patr\u00edcia Si\u010d\u00e1kov\u00e1<br>MgA. Jan Stibitz<br>MgA. Mat\u011bj \u0160pa\u010dek<br>MgA. Adam \u0160tok<br><\/p>\n\n\n\n<p><\/p>\n\n\n\n<p><\/p>\n\n\n\n<p><br><br><\/p>\n\n\n\n<p><br><\/p>\n\n\n\n<p><\/p>\n","protected":false},"excerpt":{"rendered":"<p>COOPERATING MgA. Pavl\u00edna Fialkov\u00e1 Ing. arch. Lucie N\u011bmcov\u00e1MgA. Jitka \u0160emberov\u00e1 COOPERATED Ing. arch. Tom\u00e1\u0161 HolubBc. Jakub KolekBc. Jan L\u00e9blBc. Patr\u00edcia Si\u010d\u00e1kov\u00e1MgA. Jan StibitzMgA. Mat\u011bj \u0160pa\u010dekMgA. Adam \u0160tok<\/p>\n","protected":false},"author":1,"featured_media":0,"parent":0,"menu_order":0,"comment_status":"closed","ping_status":"closed","template":"","meta":{"_acf_changed":false,"footnotes":""},"acf":[],"_links":{"self":[{"href":"https:\/\/vrtiskazak.com\/cs\/wp-json\/wp\/v2\/pages\/407"}],"collection":[{"href":"https:\/\/vrtiskazak.com\/cs\/wp-json\/wp\/v2\/pages"}],"about":[{"href":"https:\/\/vrtiskazak.com\/cs\/wp-json\/wp\/v2\/types\/page"}],"author":[{"embeddable":true,"href":"https:\/\/vrtiskazak.com\/cs\/wp-json\/wp\/v2\/users\/1"}],"replies":[{"embeddable":true,"href":"https:\/\/vrtiskazak.com\/cs\/wp-json\/wp\/v2\/comments?post=407"}],"version-history":[{"count":5,"href":"https:\/\/vrtiskazak.com\/cs\/wp-json\/wp\/v2\/pages\/407\/revisions"}],"predecessor-version":[{"id":700,"href":"https:\/\/vrtiskazak.com\/cs\/wp-json\/wp\/v2\/pages\/407\/revisions\/700"}],"wp:attachment":[{"href":"https:\/\/vrtiskazak.com\/cs\/wp-json\/wp\/v2\/media?parent=407"}],"curies":[{"name":"wp","href":"https:\/\/api.w.org\/{rel}","templated":true}]}}